{"id":3,"date":"2021-01-11T20:52:24","date_gmt":"2021-01-11T20:52:24","guid":{"rendered":"https:\/\/hondarribia.registrodemarcasonline.es\/?page_id=3"},"modified":"2024-11-19T09:10:28","modified_gmt":"2024-11-19T09:10:28","slug":"politica-de-privacidad","status":"publish","type":"page","link":"https:\/\/hondarribikobonoak.eus\/es\/politica-de-privacidad\/","title":{"rendered":"Pol\u00edtica de privacidad"},"content":{"rendered":"\t\t<div data-elementor-type=\"wp-page\" data-elementor-id=\"3\" class=\"elementor elementor-3\">\n\t\t\t\t\t\t<section class=\"elementor-section elementor-top-section elementor-element elementor-element-8aaaed0 elementor-section-boxed elementor-section-height-default elementor-section-height-default\" data-id=\"8aaaed0\" data-element_type=\"section\">\n\t\t\t\t\t\t<div class=\"elementor-container elementor-column-gap-default\">\n\t\t\t\t\t<div class=\"elementor-column elementor-col-100 elementor-top-column elementor-element elementor-element-28482a6\" data-id=\"28482a6\" data-element_type=\"column\">\n\t\t\t<div class=\"elementor-widget-wrap elementor-element-populated\">\n\t\t\t\t\t\t<div class=\"elementor-element elementor-element-7973ba45 elementor-widget elementor-widget-text-editor\" data-id=\"7973ba45\" data-element_type=\"widget\" data-widget_type=\"text-editor.default\">\n\t\t\t\t<div class=\"elementor-widget-container\">\n\t\t\t\t\t\t\t<!-- wp:heading -->\n<h2>Pol\u00edtica de Privacidad<\/h2>\n<p>\u00a0<\/p>\n<p>\u00a0<\/p>\n<h4>EN CUANTO AL REGISTRO COMO USUARIO CLIENTE \/ USUARIO COMERCIO<\/h4>\n<p>\u00a0<\/p>\n<p><span style=\"font-weight: 400;\">De conformidad con la normativa vigente en materia de protecci\u00f3n de datos, se informa que los datos personales facilitados por los usuarios ser\u00e1n tratados por parte del Ayuntamiento de Barakaldo. Estos datos son recogidos y tratados, con la finalidad de gestionar controlar el cumplimiento de las obligaciones indicadas en las presentes Bases y en la normativa reguladora del sector p\u00fablico.<\/span><\/p>\n<p>\u00a0<\/p>\n<p><span style=\"font-weight: 400;\">La recogida y tratamiento de estos datos, es l\u00edcita en base a la necesidad de cumplir con las obligaciones legales de la normativa reguladora de subvenciones del sector p\u00fablico, y en su caso, para gestionar la concesi\u00f3n de estas ayudas, cuando resulte adjudicatario.<\/span><\/p>\n<p>\u00a0<\/p>\n<p><span style=\"font-weight: 400;\">Los datos ser\u00e1n tratados de manera confidencial y solo ser\u00e1n comunicados a la BDNS, en su caso, Tribunal de Cuentas y a otros \u00f3rganos de la Administraci\u00f3n Estatal con competencias en la materia, as\u00ed como a otras entidades o terceros siempre y cuando se cumplan las exigencias establecidas en vigente legislaci\u00f3n de protecci\u00f3n de datos.<\/span><\/p>\n<p>\u00a0<\/p>\n<p><span style=\"font-weight: 400;\">Los datos ser\u00e1n conservados durante los plazos establecidos en las normas del sector p\u00fablico y otras normas que puedan ser de aplicaci\u00f3n.<\/span><\/p>\n<p>\u00a0<\/p>\n<p><span style=\"font-weight: 400;\">Las personas titulares de estos datos podr\u00e1n ejercitar los derechos de acceso, rectificaci\u00f3n, supresi\u00f3n y oposici\u00f3n mediante comunicaci\u00f3n dirigida al Ayuntamiento de Barakald0.<\/span><\/p>\n<p>\u00a0<\/p>\n<p><span style=\"font-weight: 400;\">Asimismo, cuando sea de aplicaci\u00f3n, las personas afectadas podr\u00e1n ejercer sus derechos a la portabilidad y limitaci\u00f3n de tratamiento siguiendo las premisas establecidas anteriormente.<\/span><\/p>\n<p>\u00a0<\/p>\n<p><span style=\"font-weight: 400;\">Cuando lo considere pertinente, podr\u00e1 acudir a la Agencia Espa\u00f1ola de Protecci\u00f3n de Datos (AEPD).<\/span><\/p>\n<p>\u00a0<\/p>\n<p><span style=\"font-weight: 400;\">Tambi\u00e9n podr\u00e1 obtener m\u00e1s informaci\u00f3n a trav\u00e9s de la siguiente direcci\u00f3n de correo electr\u00f3nico del Delegado de Protecci\u00f3n de Datos: <a href=\"mailto:dpd@barakaldo.eus\">dpd@barakaldo.eus<\/a><\/span><\/p>\n<p>\u00a0<\/p>\n<p><span style=\"font-weight: 400;\">Las personas que utilicen los bonos en los establecimientos adheridos sin el correspondiente registro, se adhieren a todo lo previsto en estos t\u00e9rminos y condiciones y a la citada pol\u00edtica de privacidad.<\/span><\/p>\n<p>\u00a0<\/p>\n<p>\u00a0<\/p>\n<p>\u00a0<\/p>\n<p>\u00a0<\/p>\n<p>\u00a0<\/p>\n<p>\u00a0<\/p>\n<h4>EN CUANTO A LA SOLICITUD DE UNA SUBVENCI\u00d3N<\/h4>\n<p>\u00a0<\/p>\n<p><span style=\"font-weight: 400;\">De conformidad con la normativa vigente en materia de protecci\u00f3n de datos, se informa que los datos personales facilitados por los solicitantes que participan en este proceso de solicitud de ayudas, o, en su caso, por los que resulten adjudicatarios ser\u00e1n tratados por parte del Ayuntamiento de Barakaldo. Estos datos son recogidos y tratados, con la finalidad de gestionar el proceso de concesi\u00f3n de ayudas y controlar el cumplimiento de las obligaciones indicadas en las presentes Bases y en la normativa reguladora de las subvenciones del sector p\u00fablico.<\/span><\/p>\n<p>\u00a0<\/p>\n<p><span style=\"font-weight: 400;\">La recogida y tratamiento de estos datos, es l\u00edcita en base a la necesidad de cumplir con las obligaciones legales de la normativa reguladora de subvenciones del sector p\u00fablico, y en su caso, para gestionar la concesi\u00f3n de estas ayudas, cuando resulte adjudicatario.<\/span><\/p>\n<p>\u00a0<\/p>\n<p><span style=\"font-weight: 400;\">Los datos ser\u00e1n tratados de manera confidencial y solo ser\u00e1n comunicados a la BDNS, en su caso, Tribunal de Cuentas y a otros \u00f3rganos de la Administraci\u00f3n Estatal con competencias en la materia, as\u00ed como a otras entidades o terceros siempre y cuando se cumplan las exigencias establecidas en vigente legislaci\u00f3n de protecci\u00f3n de datos.<\/span><\/p>\n<p>\u00a0<\/p>\n<p><span style=\"font-weight: 400;\">Los datos ser\u00e1n conservados durante los plazos establecidos en las normas del sector p\u00fablico y otras normas que puedan ser de aplicaci\u00f3n.<\/span><\/p>\n<p>\u00a0<\/p>\n<p><span style=\"font-weight: 400;\">Las personas titulares de estos datos podr\u00e1n ejercitar los derechos de acceso, rectificaci\u00f3n, supresi\u00f3n y oposici\u00f3n mediante comunicaci\u00f3n dirigida al Ayuntamiento de Barakaldo.<\/span><\/p>\n<p>\u00a0<\/p>\n<p><span style=\"font-weight: 400;\">Asimismo, cuando sea de aplicaci\u00f3n, las personas afectadas podr\u00e1n ejercer sus derechos a la portabilidad y limitaci\u00f3n de tratamiento siguiendo las premisas establecidas anteriormente.<\/span><\/p>\n<p>\u00a0<\/p>\n<p><span style=\"font-weight: 400;\">Cuando lo considere pertinente, podr\u00e1 acudir a la Agencia Espa\u00f1ola de Protecci\u00f3n de Datos (AEPD).<\/span><\/p>\n<p>\u00a0<\/p>\n<p><span style=\"font-weight: 400;\">Tambi\u00e9n podr\u00e1 obtener m\u00e1s informaci\u00f3n a trav\u00e9s de la siguiente direcci\u00f3n de correo electr\u00f3nico del Delegado de Protecci\u00f3n de Datos: <a href=\"mailto:dpd@barakaldo.eus\">dpd@barakaldo.eus<\/a><\/span><\/p>\n<p><br \/><br \/><\/p>\n<!-- \/wp:heading -->\t\t\t\t\t\t<\/div>\n\t\t\t\t<\/div>\n\t\t\t\t\t<\/div>\n\t\t<\/div>\n\t\t\t\t\t<\/div>\n\t\t<\/section>\n\t\t\t\t<\/div>\n\t\t","protected":false},"excerpt":{"rendered":"<p>Pol\u00edtica de Privacidad \u00a0 \u00a0 EN CUANTO AL REGISTRO COMO USUARIO CLIENTE \/ USUARIO COMERCIO \u00a0 De conformidad con la normativa vigente en materia de protecci\u00f3n de datos, se informa que los datos personales facilitados por los usuarios ser\u00e1n tratados por parte del Ayuntamiento de Barakaldo. Estos datos son recogidos y tratados, con la finalidad [&hellip;]<\/p>\n","protected":false},"author":1,"featured_media":0,"parent":0,"menu_order":0,"comment_status":"closed","ping_status":"closed","template":"","meta":{"footnotes":""},"class_list":["post-3","page","type-page","status-publish","hentry"],"yoast_head":"<!-- This site is optimized with the Yoast SEO plugin v23.8 - https:\/\/yoast.com\/wordpress\/plugins\/seo\/ -->\n<title>Pol\u00edtica de privacidad - Hondarribia Bono Consumo<\/title>\n<meta name=\"robots\" content=\"index, follow, max-snippet:-1, max-image-preview:large, max-video-preview:-1\" \/>\n<link rel=\"canonical\" href=\"https:\/\/hondarribikobonoak.eus\/es\/politica-de-privacidad\/\" \/>\n<meta property=\"og:locale\" content=\"es_ES\" \/>\n<meta property=\"og:type\" content=\"article\" \/>\n<meta property=\"og:title\" content=\"Pol\u00edtica de privacidad - Hondarribia Bono Consumo\" \/>\n<meta property=\"og:description\" content=\"Pol\u00edtica de Privacidad \u00a0 \u00a0 EN CUANTO AL REGISTRO COMO USUARIO CLIENTE \/ USUARIO COMERCIO \u00a0 De conformidad con la normativa vigente en materia de protecci\u00f3n de datos, se informa que los datos personales facilitados por los usuarios ser\u00e1n tratados por parte del Ayuntamiento de Barakaldo. Estos datos son recogidos y tratados, con la finalidad [&hellip;]\" \/>\n<meta property=\"og:url\" content=\"https:\/\/hondarribikobonoak.eus\/es\/politica-de-privacidad\/\" \/>\n<meta property=\"og:site_name\" content=\"Hondarribia Bono Consumo\" \/>\n<meta property=\"article:modified_time\" content=\"2024-11-19T09:10:28+00:00\" \/>\n<meta name=\"twitter:card\" content=\"summary_large_image\" \/>\n<meta name=\"twitter:label1\" content=\"Tiempo de lectura\" \/>\n\t<meta name=\"twitter:data1\" content=\"3 minutos\" \/>\n<script type=\"application\/ld+json\" class=\"yoast-schema-graph\">{\"@context\":\"https:\/\/schema.org\",\"@graph\":[{\"@type\":\"WebPage\",\"@id\":\"https:\/\/hondarribikobonoak.eus\/politica-de-privacidad\/\",\"url\":\"https:\/\/hondarribikobonoak.eus\/politica-de-privacidad\/\",\"name\":\"Pol\u00edtica de privacidad - Hondarribia Bono Consumo\",\"isPartOf\":{\"@id\":\"https:\/\/hondarribikobonoak.eus\/es\/#website\"},\"datePublished\":\"2021-01-11T20:52:24+00:00\",\"dateModified\":\"2024-11-19T09:10:28+00:00\",\"breadcrumb\":{\"@id\":\"https:\/\/hondarribikobonoak.eus\/politica-de-privacidad\/#breadcrumb\"},\"inLanguage\":\"es\",\"potentialAction\":[{\"@type\":\"ReadAction\",\"target\":[\"https:\/\/hondarribikobonoak.eus\/politica-de-privacidad\/\"]}]},{\"@type\":\"BreadcrumbList\",\"@id\":\"https:\/\/hondarribikobonoak.eus\/politica-de-privacidad\/#breadcrumb\",\"itemListElement\":[{\"@type\":\"ListItem\",\"position\":1,\"name\":\"Portada\",\"item\":\"https:\/\/hondarribikobonoak.eus\/\"},{\"@type\":\"ListItem\",\"position\":2,\"name\":\"Pol\u00edtica de privacidad\"}]},{\"@type\":\"WebSite\",\"@id\":\"https:\/\/hondarribikobonoak.eus\/es\/#website\",\"url\":\"https:\/\/hondarribikobonoak.eus\/es\/\",\"name\":\"Barakaldo Kontsumo Bonoa\",\"description\":\"Consigue tus bonos descuento\",\"potentialAction\":[{\"@type\":\"SearchAction\",\"target\":{\"@type\":\"EntryPoint\",\"urlTemplate\":\"https:\/\/hondarribikobonoak.eus\/es\/?s={search_term_string}\"},\"query-input\":{\"@type\":\"PropertyValueSpecification\",\"valueRequired\":true,\"valueName\":\"search_term_string\"}}],\"inLanguage\":\"es\"}]}<\/script>\n<!-- \/ Yoast SEO plugin. -->","yoast_head_json":{"title":"Pol\u00edtica de privacidad - Hondarribia Bono Consumo","robots":{"index":"index","follow":"follow","max-snippet":"max-snippet:-1","max-image-preview":"max-image-preview:large","max-video-preview":"max-video-preview:-1"},"canonical":"https:\/\/hondarribikobonoak.eus\/es\/politica-de-privacidad\/","og_locale":"es_ES","og_type":"article","og_title":"Pol\u00edtica de privacidad - Hondarribia Bono Consumo","og_description":"Pol\u00edtica de Privacidad \u00a0 \u00a0 EN CUANTO AL REGISTRO COMO USUARIO CLIENTE \/ USUARIO COMERCIO \u00a0 De conformidad con la normativa vigente en materia de protecci\u00f3n de datos, se informa que los datos personales facilitados por los usuarios ser\u00e1n tratados por parte del Ayuntamiento de Barakaldo. Estos datos son recogidos y tratados, con la finalidad [&hellip;]","og_url":"https:\/\/hondarribikobonoak.eus\/es\/politica-de-privacidad\/","og_site_name":"Hondarribia Bono Consumo","article_modified_time":"2024-11-19T09:10:28+00:00","twitter_card":"summary_large_image","twitter_misc":{"Tiempo de lectura":"3 minutos"},"schema":{"@context":"https:\/\/schema.org","@graph":[{"@type":"WebPage","@id":"https:\/\/hondarribikobonoak.eus\/politica-de-privacidad\/","url":"https:\/\/hondarribikobonoak.eus\/politica-de-privacidad\/","name":"Pol\u00edtica de privacidad - Hondarribia Bono Consumo","isPartOf":{"@id":"https:\/\/hondarribikobonoak.eus\/es\/#website"},"datePublished":"2021-01-11T20:52:24+00:00","dateModified":"2024-11-19T09:10:28+00:00","breadcrumb":{"@id":"https:\/\/hondarribikobonoak.eus\/politica-de-privacidad\/#breadcrumb"},"inLanguage":"es","potentialAction":[{"@type":"ReadAction","target":["https:\/\/hondarribikobonoak.eus\/politica-de-privacidad\/"]}]},{"@type":"BreadcrumbList","@id":"https:\/\/hondarribikobonoak.eus\/politica-de-privacidad\/#breadcrumb","itemListElement":[{"@type":"ListItem","position":1,"name":"Portada","item":"https:\/\/hondarribikobonoak.eus\/"},{"@type":"ListItem","position":2,"name":"Pol\u00edtica de privacidad"}]},{"@type":"WebSite","@id":"https:\/\/hondarribikobonoak.eus\/es\/#website","url":"https:\/\/hondarribikobonoak.eus\/es\/","name":"Barakaldo Kontsumo Bonoa","description":"Consigue tus bonos descuento","potentialAction":[{"@type":"SearchAction","target":{"@type":"EntryPoint","urlTemplate":"https:\/\/hondarribikobonoak.eus\/es\/?s={search_term_string}"},"query-input":{"@type":"PropertyValueSpecification","valueRequired":true,"valueName":"search_term_string"}}],"inLanguage":"es"}]}},"_links":{"self":[{"href":"https:\/\/hondarribikobonoak.eus\/es\/wp-json\/wp\/v2\/pages\/3","targetHints":{"allow":["GET"]}}],"collection":[{"href":"https:\/\/hondarribikobonoak.eus\/es\/wp-json\/wp\/v2\/pages"}],"about":[{"href":"https:\/\/hondarribikobonoak.eus\/es\/wp-json\/wp\/v2\/types\/page"}],"author":[{"embeddable":true,"href":"https:\/\/hondarribikobonoak.eus\/es\/wp-json\/wp\/v2\/users\/1"}],"replies":[{"embeddable":true,"href":"https:\/\/hondarribikobonoak.eus\/es\/wp-json\/wp\/v2\/comments?post=3"}],"version-history":[{"count":17,"href":"https:\/\/hondarribikobonoak.eus\/es\/wp-json\/wp\/v2\/pages\/3\/revisions"}],"predecessor-version":[{"id":1906,"href":"https:\/\/hondarribikobonoak.eus\/es\/wp-json\/wp\/v2\/pages\/3\/revisions\/1906"}],"wp:attachment":[{"href":"https:\/\/hondarribikobonoak.eus\/es\/wp-json\/wp\/v2\/media?parent=3"}],"curies":[{"name":"wp","href":"https:\/\/api.w.org\/{rel}","templated":true}]}}