{"id":554,"date":"2021-01-21T12:16:37","date_gmt":"2021-01-21T12:16:37","guid":{"rendered":"https:\/\/hondarribia.registrodemarcasonline.es\/?page_id=554"},"modified":"2024-11-19T09:03:37","modified_gmt":"2024-11-19T09:03:37","slug":"terminos-y-condiciones","status":"publish","type":"page","link":"https:\/\/hondarribikobonoak.eus\/eu\/terminos-y-condiciones\/","title":{"rendered":"T\u00e9rminos y condiciones"},"content":{"rendered":"<div data-elementor-type=\"wp-page\" data-elementor-id=\"554\" class=\"elementor elementor-554\">\n\t\t\t\t\t\t<section class=\"elementor-section elementor-top-section elementor-element elementor-element-8aaaed0 elementor-section-boxed elementor-section-height-default elementor-section-height-default\" data-id=\"8aaaed0\" data-element_type=\"section\">\n\t\t\t\t\t\t<div class=\"elementor-container elementor-column-gap-default\">\n\t\t\t\t\t<div class=\"elementor-column elementor-col-100 elementor-top-column elementor-element elementor-element-28482a6\" data-id=\"28482a6\" data-element_type=\"column\">\n\t\t\t<div class=\"elementor-widget-wrap elementor-element-populated\">\n\t\t\t\t\t\t<div class=\"elementor-element elementor-element-7973ba45 elementor-widget elementor-widget-text-editor\" data-id=\"7973ba45\" data-element_type=\"widget\" data-widget_type=\"text-editor.default\">\n\t\t\t\t<div class=\"elementor-widget-container\">\n\t\t\t\t\t\t\t<p><!-- wp:heading --><\/p>\n<h2>T\u00e9rminos y Condiciones<\/h2>\n<p>\u00a0<\/p>\n<h4>\u00a0<\/h4>\n<p>El <strong>Ayuntamiento de Barakaldo<\/strong>, con CIF <strong>P-4802000-B<\/strong>, es una administraci\u00f3n local domiciliada a los efectos de la presente informaci\u00f3n en la <strong>Plaza de los Fueros, 1, 48901 Barakaldo, Bizkaia &#8211; Espa\u00f1a<\/strong>.<\/p>\n<p><span style=\"font-weight: 400;\">\u00a0<\/span><\/p>\n<p><span style=\"font-weight: 400;\">La Agencia de publicidad <strong>GRUPO EMPRESARIAL DROWERS<\/strong> es una SOCIEDAD LIMITADA domiciliada a los efectos de la presente informaci\u00f3n en <strong>Juan de la Cosa 6, 2\u00baA 39700 de Castro Urdiales Cantabria &#8211; Espa\u00f1a.\u00a0<\/strong><\/span><\/p>\n<p><span style=\"font-weight: 400;\">\u00a0<\/span><\/p>\n<p><span style=\"font-weight: 400;\">\u00a0<\/span><\/p>\n<p>\u00a0<\/p>\n<h4><b>Titularidad de la p\u00e1gina<\/b><\/h4>\n<p><span style=\"font-weight: 400;\">El dominio <\/span><a href=\"https:\/\/hondarribia.registrodemarcasonline.es\"><span style=\"font-weight: 400;\">https:\/\/hondarribia.registrodemarcasonline.es<\/span><\/a><span style=\"font-weight: 400;\"> es un proyecto colaborativo entre GRUPO EMPRESARIAL DROWERS y el AYUNTAMIENTO DE BARAKALDO. Se trata de un sitio web puesto a disposici\u00f3n de todo\/a usuario\/a con el objetivo de informar a la ciudadan\u00eda de Barakaldo para la gesti\u00f3n y obtenci\u00f3n de bonos por parte de la ciudadan\u00eda de Barakaldo y el consiguiente pago de los mismos.<\/span><\/p>\n<p><span style=\"font-weight: 400;\">\u00a0<\/span><\/p>\n<p>\u00a0<\/p>\n<h4><b>Otros datos de contacto<\/b><span style=\"font-weight: 400;\">:<\/span><\/h4>\n<h5><b>Tel\u00e9fono<\/b><span style=\"font-weight: 400;\">:\u00a0<\/span><\/h5>\n<p>+34 944 789 000 <strong>Ayuntamiento de Barakaldo<\/strong><\/p>\n<p>+34 942 807 854 <strong>GRUPO EMPRESARIAL DROWERS<\/strong><\/p>\n<p>\u00a0<\/p>\n<h5><b>Correo electr\u00f3nico<\/b><span style=\"font-weight: 400;\">:<\/span><\/h5>\n<p><a rel=\"noopener\">info@hondarribia.registrodemarcasonline.es<\/a><\/p>\n<p>\u00a0<\/p>\n<p>\u00a0<\/p>\n<p>RESPONSABILIDAD CON RESPECTO A LA SOLICITUD DE INSCRIPCI\u00d3N POR PARTE DEL COMERCIO<\/p>\n<div>ES RESPONSABILIDAD DEL COMERCIO la correcta revisi\u00f3n de la informaci\u00f3n. Simplemente recibir\u00e1 un email delimitando la correcta recepci\u00f3n del mismo, pero en ning\u00fan caso este email corresponde a la acreditaci\u00f3n de que la informaci\u00f3n y la documentaci\u00f3n est\u00e9n correctamente subidas ni a la adhesi\u00f3n a la nueva campa\u00f1a de bonos comercio 2024.<br \/><br \/><\/div>\n<p>El ayuntamiento recoger\u00e1 la citada documentaci\u00f3n y publicar\u00e1 en el tabl\u00f3n de anuncios los documentos adheridos. Una vez quede publicado este listado, te enviaremos tu usuario y contrase\u00f1a para que accedas a la plataforma. Este plazo comenzar\u00e1 a contar a partir de la publicaci\u00f3n efectiva del decreto.<\/p>\n<p>\u00a0<\/p>\n<p>Esta plataforma y la oficina f\u00edsica de drowes son meros receptores de la documentaci\u00f3n, en ning\u00fan caso gestionamos, tramitamos y\/o rellenamos la solicitud necesaria. Cualquier responsabilidad en cuanto a la tramitaci\u00f3n de la subvenci\u00f3n, gesti\u00f3n, pol\u00edtica de privacidad derivada de los datos enmarcados en la documentaci\u00f3n de solicitud y dem\u00e1s informaci\u00f3n es responsabilidad del AYUNTAMIENTO DE BARAKALDO. Para m\u00e1s informaci\u00f3n sobre la misma lea detenidamente la <a href=\"https:\/\/hondarribia.registrodemarcasonline.es\/politica-de-privacidad\/\">Pribatutasun-politika<\/a>.<\/p>\n<p>\u00a0<\/p>\n<p><span style=\"font-weight: 400;\">DROWERS se exime de toda responsabilidad ajena a la usabilidad de esta plataforma web, y cualquier responsabilidad derivada de las gestiones de pago y\/o tramitaci\u00f3n de los bonos ajenos a la operatividad de la web.\u00a0<\/span><\/p>\n<p>\u00a0<\/p>\n<p><span style=\"font-weight: 400;\">Todos los signos distintivos marcas nombres comerciales contenidos (textos gr\u00e1ficos im\u00e1genes fotograf\u00edas software links y dem\u00e1s contenidos audiovisuales o sonoros y c\u00f3digos fuente) estructura dise\u00f1o y forma de presentaci\u00f3n de los elementos y cualquier otra informaci\u00f3n que aparezca en este sitio Web son propiedad del Ayuntamiento de Barakaldo y est\u00e1n protegidos por los derechos de propiedad industrial e intelectual.<\/span><\/p>\n<p>\u00a0<\/p>\n<p><span style=\"font-weight: 400;\">El\/la usuario\/a tiene prohibida la reproducci\u00f3n transformaci\u00f3n distribuci\u00f3n comunicaci\u00f3n p\u00fablica y en general cualquier otra forma de explotaci\u00f3n de los elementos referidos en el apartado anterior sin autorizaci\u00f3n expresa del Ayuntamiento de Barakaldo y\/o GRUPO EMPRESARIAL DROWERS. Se autoriza la impresi\u00f3n y descarga de extractos de los contenidos de este sitio web \u00fanicamente cuando se realicen para uso personal y privado.<\/span><\/p>\n<p><span style=\"font-weight: 400;\">\u00a0<\/span><\/p>\n<p>\u00a0<\/p>\n<p><b>R\u00c9GIMEN JUR\u00cdDICO<\/b><\/p>\n<p>La interpretaci\u00f3n y aplicaci\u00f3n de estas bases reguladoras se realizar\u00e1 conforme a las normas vigentes aplicables, entre ellas:<\/p>\n<p>1. Ley 7\/1985, de 2 de abril, reguladora de las Bases del R\u00e9gimen Local.<br \/>2.Texto refundido de la Ley reguladora de las Haciendas Locales, aprobado por Real Decreto Legislativo 2\/2004, de 5 de marzo.<br \/>3.Ley 38\/2003, de 17 de noviembre, General de Subvenciones.<br \/>4.Decreto correspondiente aprobado por el Ayuntamiento de Barakaldo.<\/p>\n<p>\u00a0<\/p>\n<p><!-- \/wp:heading --><\/p>\t\t\t\t\t\t<\/div>\n\t\t\t\t<\/div>\n\t\t\t\t\t<\/div>\n\t\t<\/div>\n\t\t\t\t\t<\/div>\n\t\t<\/section>\n\t\t\t\t<\/div>","protected":false},"excerpt":{"rendered":"<p>T\u00e9rminos y Condiciones \u00a0 \u00a0 El Ayuntamiento de Barakaldo, con CIF P-4802000-B, es una administraci\u00f3n local domiciliada a los efectos de la presente informaci\u00f3n en la Plaza de los Fueros, 1, 48901 Barakaldo, Bizkaia &#8211; Espa\u00f1a. \u00a0 La Agencia de publicidad GRUPO EMPRESARIAL DROWERS es una SOCIEDAD LIMITADA domiciliada a los efectos de la presente [&hellip;]<\/p>","protected":false},"author":1,"featured_media":0,"parent":0,"menu_order":0,"comment_status":"closed","ping_status":"closed","template":"","meta":{"footnotes":""},"class_list":["post-554","page","type-page","status-publish","hentry"],"yoast_head":"<!-- This site is optimized with the Yoast SEO plugin v23.8 - https:\/\/yoast.com\/wordpress\/plugins\/seo\/ -->\n<title>T\u00e9rminos y condiciones - Hondarribia Bono Consumo<\/title>\n<meta name=\"robots\" content=\"index, follow, max-snippet:-1, max-image-preview:large, max-video-preview:-1\" \/>\n<link rel=\"canonical\" href=\"https:\/\/hondarribikobonoak.eus\/eu\/terminos-y-condiciones\/\" \/>\n<meta property=\"og:locale\" content=\"en_US\" \/>\n<meta property=\"og:type\" content=\"article\" \/>\n<meta property=\"og:title\" content=\"T\u00e9rminos y condiciones - Hondarribia Bono Consumo\" \/>\n<meta property=\"og:description\" content=\"T\u00e9rminos y Condiciones \u00a0 \u00a0 El Ayuntamiento de Barakaldo, con CIF P-4802000-B, es una administraci\u00f3n local domiciliada a los efectos de la presente informaci\u00f3n en la Plaza de los Fueros, 1, 48901 Barakaldo, Bizkaia &#8211; Espa\u00f1a. \u00a0 La Agencia de publicidad GRUPO EMPRESARIAL DROWERS es una SOCIEDAD LIMITADA domiciliada a los efectos de la presente [&hellip;]\" \/>\n<meta property=\"og:url\" content=\"https:\/\/hondarribikobonoak.eus\/eu\/terminos-y-condiciones\/\" \/>\n<meta property=\"og:site_name\" content=\"Hondarribia Bono Consumo\" \/>\n<meta property=\"article:modified_time\" content=\"2024-11-19T09:03:37+00:00\" \/>\n<meta name=\"twitter:card\" content=\"summary_large_image\" \/>\n<meta name=\"twitter:label1\" content=\"Est. reading time\" \/>\n\t<meta name=\"twitter:data1\" content=\"3 minutua\" \/>\n<script type=\"application\/ld+json\" class=\"yoast-schema-graph\">{\"@context\":\"https:\/\/schema.org\",\"@graph\":[{\"@type\":\"WebPage\",\"@id\":\"https:\/\/hondarribikobonoak.eus\/terminos-y-condiciones\/\",\"url\":\"https:\/\/hondarribikobonoak.eus\/terminos-y-condiciones\/\",\"name\":\"T\u00e9rminos y condiciones - Hondarribia Bono Consumo\",\"isPartOf\":{\"@id\":\"https:\/\/hondarribikobonoak.eus\/es\/#website\"},\"datePublished\":\"2021-01-21T12:16:37+00:00\",\"dateModified\":\"2024-11-19T09:03:37+00:00\",\"breadcrumb\":{\"@id\":\"https:\/\/hondarribikobonoak.eus\/terminos-y-condiciones\/#breadcrumb\"},\"inLanguage\":\"eu\",\"potentialAction\":[{\"@type\":\"ReadAction\",\"target\":[\"https:\/\/hondarribikobonoak.eus\/terminos-y-condiciones\/\"]}]},{\"@type\":\"BreadcrumbList\",\"@id\":\"https:\/\/hondarribikobonoak.eus\/terminos-y-condiciones\/#breadcrumb\",\"itemListElement\":[{\"@type\":\"ListItem\",\"position\":1,\"name\":\"Portada\",\"item\":\"https:\/\/hondarribikobonoak.eus\/\"},{\"@type\":\"ListItem\",\"position\":2,\"name\":\"T\u00e9rminos y condiciones\"}]},{\"@type\":\"WebSite\",\"@id\":\"https:\/\/hondarribikobonoak.eus\/es\/#website\",\"url\":\"https:\/\/hondarribikobonoak.eus\/es\/\",\"name\":\"Barakaldo Kontsumo Bonoa\",\"description\":\"Consigue tus bonos descuento\",\"potentialAction\":[{\"@type\":\"SearchAction\",\"target\":{\"@type\":\"EntryPoint\",\"urlTemplate\":\"https:\/\/hondarribikobonoak.eus\/es\/?s={search_term_string}\"},\"query-input\":{\"@type\":\"PropertyValueSpecification\",\"valueRequired\":true,\"valueName\":\"search_term_string\"}}],\"inLanguage\":\"eu\"}]}<\/script>\n<!-- \/ Yoast SEO plugin. -->","yoast_head_json":{"title":"T\u00e9rminos y condiciones - Hondarribia Bono Consumo","robots":{"index":"index","follow":"follow","max-snippet":"max-snippet:-1","max-image-preview":"max-image-preview:large","max-video-preview":"max-video-preview:-1"},"canonical":"https:\/\/hondarribikobonoak.eus\/eu\/terminos-y-condiciones\/","og_locale":"en_US","og_type":"article","og_title":"T\u00e9rminos y condiciones - Hondarribia Bono Consumo","og_description":"T\u00e9rminos y Condiciones \u00a0 \u00a0 El Ayuntamiento de Barakaldo, con CIF P-4802000-B, es una administraci\u00f3n local domiciliada a los efectos de la presente informaci\u00f3n en la Plaza de los Fueros, 1, 48901 Barakaldo, Bizkaia &#8211; Espa\u00f1a. \u00a0 La Agencia de publicidad GRUPO EMPRESARIAL DROWERS es una SOCIEDAD LIMITADA domiciliada a los efectos de la presente [&hellip;]","og_url":"https:\/\/hondarribikobonoak.eus\/eu\/terminos-y-condiciones\/","og_site_name":"Hondarribia Bono Consumo","article_modified_time":"2024-11-19T09:03:37+00:00","twitter_card":"summary_large_image","twitter_misc":{"Est. reading time":"3 minutua"},"schema":{"@context":"https:\/\/schema.org","@graph":[{"@type":"WebPage","@id":"https:\/\/hondarribikobonoak.eus\/terminos-y-condiciones\/","url":"https:\/\/hondarribikobonoak.eus\/terminos-y-condiciones\/","name":"T\u00e9rminos y condiciones - Hondarribia Bono Consumo","isPartOf":{"@id":"https:\/\/hondarribikobonoak.eus\/es\/#website"},"datePublished":"2021-01-21T12:16:37+00:00","dateModified":"2024-11-19T09:03:37+00:00","breadcrumb":{"@id":"https:\/\/hondarribikobonoak.eus\/terminos-y-condiciones\/#breadcrumb"},"inLanguage":"eu","potentialAction":[{"@type":"ReadAction","target":["https:\/\/hondarribikobonoak.eus\/terminos-y-condiciones\/"]}]},{"@type":"BreadcrumbList","@id":"https:\/\/hondarribikobonoak.eus\/terminos-y-condiciones\/#breadcrumb","itemListElement":[{"@type":"ListItem","position":1,"name":"Portada","item":"https:\/\/hondarribikobonoak.eus\/"},{"@type":"ListItem","position":2,"name":"T\u00e9rminos y condiciones"}]},{"@type":"WebSite","@id":"https:\/\/hondarribikobonoak.eus\/es\/#website","url":"https:\/\/hondarribikobonoak.eus\/es\/","name":"Barakaldo Kontsumo Bonoa","description":"Consigue tus bonos descuento","potentialAction":[{"@type":"SearchAction","target":{"@type":"EntryPoint","urlTemplate":"https:\/\/hondarribikobonoak.eus\/es\/?s={search_term_string}"},"query-input":{"@type":"PropertyValueSpecification","valueRequired":true,"valueName":"search_term_string"}}],"inLanguage":"eu"}]}},"_links":{"self":[{"href":"https:\/\/hondarribikobonoak.eus\/eu\/wp-json\/wp\/v2\/pages\/554","targetHints":{"allow":["GET"]}}],"collection":[{"href":"https:\/\/hondarribikobonoak.eus\/eu\/wp-json\/wp\/v2\/pages"}],"about":[{"href":"https:\/\/hondarribikobonoak.eus\/eu\/wp-json\/wp\/v2\/types\/page"}],"author":[{"embeddable":true,"href":"https:\/\/hondarribikobonoak.eus\/eu\/wp-json\/wp\/v2\/users\/1"}],"replies":[{"embeddable":true,"href":"https:\/\/hondarribikobonoak.eus\/eu\/wp-json\/wp\/v2\/comments?post=554"}],"version-history":[{"count":25,"href":"https:\/\/hondarribikobonoak.eus\/eu\/wp-json\/wp\/v2\/pages\/554\/revisions"}],"predecessor-version":[{"id":1901,"href":"https:\/\/hondarribikobonoak.eus\/eu\/wp-json\/wp\/v2\/pages\/554\/revisions\/1901"}],"wp:attachment":[{"href":"https:\/\/hondarribikobonoak.eus\/eu\/wp-json\/wp\/v2\/media?parent=554"}],"curies":[{"name":"wp","href":"https:\/\/api.w.org\/{rel}","templated":true}]}}